{"id":9311,"date":"2026-03-11T15:26:01","date_gmt":"2026-03-11T12:26:01","guid":{"rendered":"https:\/\/klauslift.com\/?page_id=9311"},"modified":"2026-03-11T15:48:50","modified_gmt":"2026-03-11T12:48:50","slug":"asansor-montaj","status":"publish","type":"page","link":"https:\/\/klauslift.com\/index.php\/asansor-montaj\/","title":{"rendered":"Asans\u00f6r Montaj"},"content":{"rendered":"<div class=\"wpb-content-wrapper\"><p>[vc_row][vc_column width=&#8221;1\/2&#8243;]<h2 class=\"bauer-text clearfix \" style=\"\"><h2 data-section-id=\"1c5kre1\" data-start=\"2191\" data-end=\"2219\"><strong>Asans\u00f6r Montaj Hizmetleri<\/strong><\/h2>\n<p data-start=\"2221\" data-end=\"2452\">Yeni yap\u0131larda veya asans\u00f6r ihtiyac\u0131 olan binalarda do\u011fru planlama ve profesyonel montaj b\u00fcy\u00fck \u00f6nem ta\u015f\u0131r. Asans\u00f6r montaj\u0131 yaln\u0131zca ekipman kurulumu de\u011fil, ayn\u0131 zamanda m\u00fchendislik ve g\u00fcvenlik standartlar\u0131na uygun bir s\u00fcre\u00e7tir.<\/p>\n<p data-start=\"2454\" data-end=\"2580\">Klaus Lift Asans\u00f6r, projelendirme a\u015famas\u0131ndan devreye alma s\u00fcrecine kadar t\u00fcm montaj i\u015flemlerini titizlikle y\u00fcr\u00fctmektedir.<\/p>\n<p data-start=\"2582\" data-end=\"2599\">Montaj s\u00fcrecinde:<\/p>\n<ul data-start=\"2601\" data-end=\"2767\">\n<li data-section-id=\"efqsy6\" data-start=\"2601\" data-end=\"2636\">\n<p data-start=\"2603\" data-end=\"2636\">Asans\u00f6r projesinin haz\u0131rlanmas\u0131<\/p>\n<\/li>\n<li data-section-id=\"15hbv89\" data-start=\"2637\" data-end=\"2675\">\n<p data-start=\"2639\" data-end=\"2675\">Y\u00f6netmeliklere uygun sistem se\u00e7imi<\/p>\n<\/li>\n<li data-section-id=\"1lt19is\" data-start=\"2676\" data-end=\"2707\">\n<p data-start=\"2678\" data-end=\"2707\">Mekanik ve elektrik montaj\u0131<\/p>\n<\/li>\n<li data-section-id=\"roaorc\" data-start=\"2708\" data-end=\"2740\">\n<p data-start=\"2710\" data-end=\"2740\">Test ve g\u00fcvenlik kontrolleri<\/p>\n<\/li>\n<li data-section-id=\"11unsqd\" data-start=\"2741\" data-end=\"2767\">\n<p data-start=\"2743\" data-end=\"2767\">Devreye alma i\u015flemleri eksiksiz \u015fekilde tamamlanmaktad\u0131r.<\/p>\n<\/li>\n<\/ul>\n<p data-start=\"2805\" data-end=\"2904\">Profesyonel montaj sayesinde asans\u00f6rler uzun y\u0131llar sorunsuz ve g\u00fcvenli \u015fekilde kullan\u0131labilir.<\/p>\n<\/h2>[\/vc_column][vc_column width=&#8221;1\/2&#8243;][vc_single_image image=&#8221;9320&#8243; style=&#8221;vc_box_shadow_3d&#8221;][\/vc_column][\/vc_row]<\/p>\n<\/div>","protected":false},"excerpt":{"rendered":"<p>[vc_row][vc_column width=&#8221;1\/2&#8243;][\/vc_column][vc_column width=&#8221;1\/2&#8243;][vc_single_image image=&#8221;9320&#8243; style=&#8221;vc_box_shadow_3d&#8221;][\/vc_column][\/vc_row]<\/p>\n","protected":false},"author":1,"featured_media":0,"parent":0,"menu_order":0,"comment_status":"closed","ping_status":"closed","template":"","meta":{"_monsterinsights_skip_tracking":false,"_monsterinsights_sitenote_active":false,"_monsterinsights_sitenote_note":"","_monsterinsights_sitenote_category":0,"footnotes":""},"class_list":["post-9311","page","type-page","status-publish","hentry"],"aioseo_notices":[],"_links":{"self":[{"href":"https:\/\/klauslift.com\/index.php\/wp-json\/wp\/v2\/pages\/9311","targetHints":{"allow":["GET"]}}],"collection":[{"href":"https:\/\/klauslift.com\/index.php\/wp-json\/wp\/v2\/pages"}],"about":[{"href":"https:\/\/klauslift.com\/index.php\/wp-json\/wp\/v2\/types\/page"}],"author":[{"embeddable":true,"href":"https:\/\/klauslift.com\/index.php\/wp-json\/wp\/v2\/users\/1"}],"replies":[{"embeddable":true,"href":"https:\/\/klauslift.com\/index.php\/wp-json\/wp\/v2\/comments?post=9311"}],"version-history":[{"count":4,"href":"https:\/\/klauslift.com\/index.php\/wp-json\/wp\/v2\/pages\/9311\/revisions"}],"predecessor-version":[{"id":9319,"href":"https:\/\/klauslift.com\/index.php\/wp-json\/wp\/v2\/pages\/9311\/revisions\/9319"}],"wp:attachment":[{"href":"https:\/\/klauslift.com\/index.php\/wp-json\/wp\/v2\/media?parent=9311"}],"curies":[{"name":"wp","href":"https:\/\/api.w.org\/{rel}","templated":true}]}}