{"id":9309,"date":"2026-03-11T15:25:44","date_gmt":"2026-03-11T12:25:44","guid":{"rendered":"https:\/\/klauslift.com\/?page_id=9309"},"modified":"2026-03-11T15:52:48","modified_gmt":"2026-03-11T12:52:48","slug":"asansor-revizyon","status":"publish","type":"page","link":"https:\/\/klauslift.com\/index.php\/asansor-revizyon\/","title":{"rendered":"Asans\u00f6r Revizyon"},"content":{"rendered":"<div class=\"wpb-content-wrapper\"><p>[vc_row][vc_column width=&#8221;1\/2&#8243;]<h2 class=\"bauer-text clearfix \" style=\"\"><h2 data-section-id=\"1aq64a8\" data-start=\"1458\" data-end=\"1488\"><strong>Asans\u00f6r Revizyon Hizmetleri<\/strong><\/h2>\n<p data-start=\"1490\" data-end=\"1762\">Eski veya teknolojik olarak yetersiz kalan asans\u00f6rler zamanla performans kayb\u0131 ya\u015fayabilir. Bu durum hem g\u00fcvenlik a\u00e7\u0131s\u0131ndan risk olu\u015fturur hem de enerji verimlili\u011fini d\u00fc\u015f\u00fcr\u00fcr. <strong data-start=\"1666\" data-end=\"1687\">Asans\u00f6r revizyonu<\/strong>, mevcut sistemlerin modern teknolojiye uygun \u015fekilde yenilenmesini sa\u011flar.<\/p>\n<p data-start=\"1764\" data-end=\"1818\"><strong data-start=\"1764\" data-end=\"1806\">Klaus Lift Asans\u00f6r revizyon hizmetleri<\/strong> kapsam\u0131nda:<\/p>\n<ul data-start=\"1820\" data-end=\"2016\">\n<li data-section-id=\"1srl3dp\" data-start=\"1820\" data-end=\"1847\">\n<p data-start=\"1822\" data-end=\"1847\">Kumanda panosu yenileme<\/p>\n<\/li>\n<li data-section-id=\"1fvv26r\" data-start=\"1848\" data-end=\"1896\">\n<p data-start=\"1850\" data-end=\"1896\">Motor ve s\u00fcr\u00fcc\u00fc sistemlerinin modernizasyonu<\/p>\n<\/li>\n<li data-section-id=\"1cjuqql\" data-start=\"1897\" data-end=\"1934\">\n<p data-start=\"1899\" data-end=\"1934\">Kap\u0131 sistemlerinin de\u011fi\u015ftirilmesi<\/p>\n<\/li>\n<li data-section-id=\"4gwsy8\" data-start=\"1935\" data-end=\"1975\">\n<p data-start=\"1937\" data-end=\"1975\">Kabin ve kat kap\u0131lar\u0131n\u0131n yenilenmesi<\/p>\n<\/li>\n<li data-section-id=\"sut82s\" data-start=\"1976\" data-end=\"2016\">\n<p data-start=\"1978\" data-end=\"2016\">G\u00fcvenlik sistemlerinin g\u00fcncellenmesi <span style=\"font-size: 1rem;\">i\u015flemleri profesyonel ekipler taraf\u0131ndan ger\u00e7ekle\u015ftirilmektedir.<\/span><\/p>\n<\/li>\n<\/ul>\n<p data-start=\"2084\" data-end=\"2184\">Revizyon i\u015flemleri sayesinde asans\u00f6rler <strong data-start=\"2124\" data-end=\"2168\">daha g\u00fcvenli, daha h\u0131zl\u0131 ve daha verimli<\/strong> hale getirilir.<\/p>\n<\/h2>[\/vc_column][vc_column width=&#8221;1\/2&#8243;][vc_single_image image=&#8221;9324&#8243;][\/vc_column][\/vc_row]<\/p>\n<\/div>","protected":false},"excerpt":{"rendered":"<p>[vc_row][vc_column width=&#8221;1\/2&#8243;][\/vc_column][vc_column width=&#8221;1\/2&#8243;][vc_single_image image=&#8221;9324&#8243;][\/vc_column][\/vc_row]<\/p>\n","protected":false},"author":1,"featured_media":0,"parent":0,"menu_order":0,"comment_status":"closed","ping_status":"closed","template":"","meta":{"_monsterinsights_skip_tracking":false,"_monsterinsights_sitenote_active":false,"_monsterinsights_sitenote_note":"","_monsterinsights_sitenote_category":0,"footnotes":""},"class_list":["post-9309","page","type-page","status-publish","hentry"],"aioseo_notices":[],"_links":{"self":[{"href":"https:\/\/klauslift.com\/index.php\/wp-json\/wp\/v2\/pages\/9309","targetHints":{"allow":["GET"]}}],"collection":[{"href":"https:\/\/klauslift.com\/index.php\/wp-json\/wp\/v2\/pages"}],"about":[{"href":"https:\/\/klauslift.com\/index.php\/wp-json\/wp\/v2\/types\/page"}],"author":[{"embeddable":true,"href":"https:\/\/klauslift.com\/index.php\/wp-json\/wp\/v2\/users\/1"}],"replies":[{"embeddable":true,"href":"https:\/\/klauslift.com\/index.php\/wp-json\/wp\/v2\/comments?post=9309"}],"version-history":[{"count":3,"href":"https:\/\/klauslift.com\/index.php\/wp-json\/wp\/v2\/pages\/9309\/revisions"}],"predecessor-version":[{"id":9325,"href":"https:\/\/klauslift.com\/index.php\/wp-json\/wp\/v2\/pages\/9309\/revisions\/9325"}],"wp:attachment":[{"href":"https:\/\/klauslift.com\/index.php\/wp-json\/wp\/v2\/media?parent=9309"}],"curies":[{"name":"wp","href":"https:\/\/api.w.org\/{rel}","templated":true}]}}