{"id":9307,"date":"2026-03-11T15:25:24","date_gmt":"2026-03-11T12:25:24","guid":{"rendered":"https:\/\/klauslift.com\/?page_id=9307"},"modified":"2026-03-11T15:37:16","modified_gmt":"2026-03-11T12:37:16","slug":"asansor-bakim","status":"publish","type":"page","link":"https:\/\/klauslift.com\/index.php\/asansor-bakim\/","title":{"rendered":"Asans\u00f6r Bak\u0131m"},"content":{"rendered":"<div class=\"wpb-content-wrapper\"><p>[vc_row][vc_column width=&#8221;1\/2&#8243;]<h2 class=\"bauer-text clearfix \" style=\"\"><h1 data-section-id=\"1ijk8yt\" data-start=\"197\" data-end=\"280\">Klaus Lift Asans\u00f6r \u2013 Asans\u00f6r Bak\u0131m, Asans\u00f6r Revizyon ve Asans\u00f6r Montaj Hizmetleri<\/h1>\n<p data-start=\"282\" data-end=\"731\">G\u00fcn\u00fcm\u00fczde asans\u00f6r sistemleri, modern yap\u0131lar\u0131n vazge\u00e7ilmez bir par\u00e7as\u0131d\u0131r. G\u00fcvenli, konforlu ve kesintisiz bir kullan\u0131m i\u00e7in asans\u00f6rlerin d\u00fczenli bak\u0131m\u0131n\u0131n yap\u0131lmas\u0131, gerekli durumlarda revizyonlar\u0131n\u0131n ger\u00e7ekle\u015ftirilmesi ve do\u011fru \u015fekilde montaj edilmesi b\u00fcy\u00fck \u00f6nem ta\u015f\u0131r. <strong data-start=\"554\" data-end=\"576\">Klaus Lift Asans\u00f6r<\/strong>, uzman teknik kadrosu ve sekt\u00f6rdeki deneyimi ile <strong data-start=\"626\" data-end=\"692\">asans\u00f6r bak\u0131m, asans\u00f6r revizyon ve asans\u00f6r montaj hizmetlerini<\/strong> profesyonel bir anlay\u0131\u015fla sunmaktad\u0131r.<\/p>\n<\/h2>[\/vc_column][vc_column width=&#8221;1\/2&#8243;]<h2 class=\"bauer-text clearfix \" style=\"\"><h2 data-section-id=\"mnugem\" data-start=\"738\" data-end=\"765\">Asans\u00f6r Bak\u0131m Hizmetleri<\/h2>\n<p data-start=\"767\" data-end=\"1045\">Asans\u00f6rlerin g\u00fcvenli \u00e7al\u0131\u015fabilmesi i\u00e7in <strong data-start=\"807\" data-end=\"836\">periyodik bak\u0131m i\u015flemleri<\/strong> b\u00fcy\u00fck \u00f6nem ta\u015f\u0131r. D\u00fczenli bak\u0131m yap\u0131lmayan asans\u00f6rlerde zamanla mekanik ve elektronik ar\u0131zalar ortaya \u00e7\u0131kabilir. Bu durum hem kullan\u0131c\u0131 g\u00fcvenli\u011fini riske atar hem de y\u00fcksek maliyetli ar\u0131zalara neden olabilir.<\/p>\n<p data-start=\"1047\" data-end=\"1116\"><strong data-start=\"1047\" data-end=\"1069\">Klaus Lift Asans\u00f6r<\/strong> olarak sundu\u011fumuz bak\u0131m hizmetleri kapsam\u0131nda:<\/p>\n<ul data-start=\"1118\" data-end=\"1324\">\n<li data-section-id=\"1s4msnp\" data-start=\"1118\" data-end=\"1159\">\n<p data-start=\"1120\" data-end=\"1159\">Asans\u00f6r mekanik aksamlar\u0131n\u0131n kontrol\u00fc<\/p>\n<\/li>\n<li data-section-id=\"az7jke\" data-start=\"1160\" data-end=\"1196\">\n<p data-start=\"1162\" data-end=\"1196\">Halat, fren ve motor kontrolleri<\/p>\n<\/li>\n<li data-section-id=\"5nb096\" data-start=\"1197\" data-end=\"1250\">\n<p data-start=\"1199\" data-end=\"1250\">Kumanda panosu ve elektrik sistemlerinin kontrol\u00fc<\/p>\n<\/li>\n<li data-section-id=\"c3lcq5\" data-start=\"1251\" data-end=\"1287\">\n<p data-start=\"1253\" data-end=\"1287\">Kap\u0131 sistemlerinin test edilmesi<\/p>\n<\/li>\n<li data-section-id=\"gs75ix\" data-start=\"1288\" data-end=\"1324\">\n<p data-start=\"1290\" data-end=\"1324\">G\u00fcvenlik ekipmanlar\u0131n\u0131n kontrol\u00fc <span style=\"font-size: 1rem;\">ger\u00e7ekle\u015ftirilmektedir.<\/span><\/p>\n<\/li>\n<\/ul>\n<p data-start=\"1351\" data-end=\"1451\">D\u00fczenli bak\u0131m sayesinde asans\u00f6rlerin <strong data-start=\"1388\" data-end=\"1450\">\u00f6mr\u00fc uzar, ar\u0131za riski azal\u0131r ve g\u00fcvenli kullan\u0131m sa\u011flan\u0131r<\/strong>.<\/p>\n<\/h2>[\/vc_column][\/vc_row]<\/p>\n<\/div>","protected":false},"excerpt":{"rendered":"<p>[vc_row][vc_column width=&#8221;1\/2&#8243;][\/vc_column][vc_column width=&#8221;1\/2&#8243;][\/vc_column][\/vc_row]<\/p>\n","protected":false},"author":1,"featured_media":0,"parent":0,"menu_order":0,"comment_status":"closed","ping_status":"closed","template":"","meta":{"_monsterinsights_skip_tracking":false,"_monsterinsights_sitenote_active":false,"_monsterinsights_sitenote_note":"","_monsterinsights_sitenote_category":0,"footnotes":""},"class_list":["post-9307","page","type-page","status-publish","hentry"],"aioseo_notices":[],"_links":{"self":[{"href":"https:\/\/klauslift.com\/index.php\/wp-json\/wp\/v2\/pages\/9307","targetHints":{"allow":["GET"]}}],"collection":[{"href":"https:\/\/klauslift.com\/index.php\/wp-json\/wp\/v2\/pages"}],"about":[{"href":"https:\/\/klauslift.com\/index.php\/wp-json\/wp\/v2\/types\/page"}],"author":[{"embeddable":true,"href":"https:\/\/klauslift.com\/index.php\/wp-json\/wp\/v2\/users\/1"}],"replies":[{"embeddable":true,"href":"https:\/\/klauslift.com\/index.php\/wp-json\/wp\/v2\/comments?post=9307"}],"version-history":[{"count":3,"href":"https:\/\/klauslift.com\/index.php\/wp-json\/wp\/v2\/pages\/9307\/revisions"}],"predecessor-version":[{"id":9318,"href":"https:\/\/klauslift.com\/index.php\/wp-json\/wp\/v2\/pages\/9307\/revisions\/9318"}],"wp:attachment":[{"href":"https:\/\/klauslift.com\/index.php\/wp-json\/wp\/v2\/media?parent=9307"}],"curies":[{"name":"wp","href":"https:\/\/api.w.org\/{rel}","templated":true}]}}