{"id":1339,"date":"2017-10-16T13:54:07","date_gmt":"2017-10-16T13:54:07","guid":{"rendered":"http:\/\/ninzio.com\/bauer\/?page_id=1339"},"modified":"2026-03-11T14:22:12","modified_gmt":"2026-03-11T11:22:12","slug":"iletisim","status":"publish","type":"page","link":"https:\/\/klauslift.com\/index.php\/iletisim\/","title":{"rendered":"\u0130leti\u015fim"},"content":{"rendered":"<div class=\"wpb-content-wrapper\"><p>[vc_row css=&#8221;.vc_custom_1558796213746{background-color: #f7f9fa !important;background-position: center !important;background-repeat: no-repeat !important;background-size: cover !important;}&#8221;][vc_column]\n\t<div class=\"bauer-spacer clearfix\" data-desktop=\"100\" data-mobi=\"60\" data-smobi=\"60\"><\/div>[vc_row_inner column_inner_spacing=&#8221;65&#8243;][vc_column_inner width=&#8221;1\/2&#8243;]<div class=\"bauer-simple-image text-center\" style=\"\" >\n\t\t\t<img decoding=\"async\" alt=\"image\" src=\"https:\/\/klauslift.com\/wp-content\/uploads\/2026\/03\/kabin.png\" \/> \n\t\t<\/div>\n\t<div class=\"bauer-spacer clearfix\" data-desktop=\"0\" data-mobi=\"40\" data-smobi=\"40\"><\/div>[\/vc_column_inner][vc_column_inner width=&#8221;1\/2&#8243;]\n\t<div class=\"bauer-spacer clearfix\" data-desktop=\"45\" data-mobi=\"0\" data-smobi=\"0\"><\/div><div class=\"bauer-single-heading clearfix \" style=\"margin-bottom:25px;\"><span class=\"inner\"><span class=\"heading clearfix \" style=\"font-weight:600;color:#777777;font-size:16px;\">\n\t\tKlaus Lift Asans\u00f6r Tic.Ltd.\u015eti\n\t<\/span><\/span><\/div><h2 class=\"bauer-text clearfix \" style=\"font-size:42px;line-height:50px;margin-bottom:32px;\"><p>Bir Asans\u00f6re Dair T\u00fcm Hizmet ve \u00c7\u00f6z\u00fcmler<\/p>\n<\/h2><div class=\"bauer-text clearfix \" style=\"font-size:18px;line-height:30px;color:#414042;margin-bottom:40px;\"><p><span>De\u011ferli ziyaret\u00e7imiz sizlere daha kaliteli bir hizmet verebilmemiz i\u00e7in bizimle ileti\u015fime ge\u00e7ebilir, talepleriniz do\u011frultusunda ilgili birim \u00e7al\u0131\u015fanlar\u0131m\u0131z sizinle ileti\u015fime ge\u00e7ecektir.<\/span><\/p>\n<\/div><div class=\"bauer-grid-box clearfix grid2 border-light v-30 h-0 no-borders\" data-grid=\"2\" >\n\t\t<div class=\"bauer-icon-box clearfix icon-left align-left  simple\" style=\"background-color:#ffffff;padding:22px 25px 22px 25px;border-radius:5px;border:1px solid #e7e7e7;\" ><div class=\"wrap-inner\" style=\"position: relative;\"><div class=\"bauer-icon icon-1045520778 custom accent-bg\"  data-icon=\"#ffffff\">\n\t\t\t\t<span class=\"icon\" style=\"font-size:18px;width:42px;height:42px;border-style:solid;border-radius:21px;line-height:44px; box-shadow: 0px 0px 0px 4px rgba(243,92,39,0.2)\"><i class=\"elegant-icon_phone\"><\/i><\/span>\n\t\t\t<\/div> <h3 class=\"heading \" style=\"padding-left:59px;color:#777777;font-size:15px;line-height:20px;\">\n\t\t\t<span>TELEFON<\/span>\n\t\t<\/h3><div class=\"desc\" style=\"padding-left:59px;\"><p><span>444 34 12<\/span><\/p>\n<\/div> <\/div><\/div><div class=\"bauer-icon-box clearfix icon-left align-left  simple\" style=\"background-color:#ffffff;padding:22px 25px 22px 25px;border-radius:5px;border:1px solid #e7e7e7;\" ><div class=\"wrap-inner\" style=\"position: relative;\"><div class=\"bauer-icon icon-11400459 custom accent-bg\"  data-icon=\"#ffffff\">\n\t\t\t\t<span class=\"icon\" style=\"font-size:18px;width:42px;height:42px;border-style:solid;border-radius:21px;line-height:44px; box-shadow: 0px 0px 0px 4px rgba(243,92,39,0.2)\"><i class=\"elegant-icon_phone\"><\/i><\/span>\n\t\t\t<\/div> <h3 class=\"heading \" style=\"padding-left:59px;color:#777777;font-size:15px;line-height:20px;\">\n\t\t\t<span>Teknik Destek<\/span>\n\t\t<\/h3><div class=\"desc\" style=\"padding-left:59px;\"><p>0552 164 77 17<\/p>\n<\/div> <\/div><\/div><div class=\"bauer-icon-box clearfix icon-left align-left  simple\" style=\"background-color:#ffffff;padding:22px 25px 22px 25px;border-radius:5px;border:1px solid #e7e7e7;\" ><div class=\"wrap-inner\" style=\"position: relative;\"><div class=\"bauer-icon icon-757323027 custom accent-bg\"  data-icon=\"#ffffff\">\n\t\t\t\t<span class=\"icon\" style=\"font-size:18px;width:42px;height:42px;border-style:solid;border-radius:21px;line-height:44px; box-shadow: 0px 0px 0px 4px rgba(243,92,39,0.2)\"><i class=\"elegant-icon_phone\"><\/i><\/span>\n\t\t\t<\/div> <h3 class=\"heading \" style=\"padding-left:59px;color:#777777;font-size:15px;line-height:20px;\">\n\t\t\t<span>7\/24 Acil<\/span>\n\t\t<\/h3><div class=\"desc\" style=\"padding-left:59px;\"><p>0552 164 77 17<\/p>\n<\/div> <\/div><\/div><div class=\"bauer-icon-box clearfix icon-left align-left  simple\" style=\"background-color:#ffffff;padding:22px 25px 22px 25px;border-radius:5px;border:1px solid #e7e7e7;\" ><div class=\"wrap-inner\" style=\"position: relative;\"><div class=\"bauer-icon icon-1819287906 custom accent-bg\"  data-icon=\"#ffffff\">\n\t\t\t\t<span class=\"icon\" style=\"font-size:18px;width:42px;height:42px;border-style:solid;border-radius:21px;line-height:44px; box-shadow: 0px 0px 0px 4px rgba(243,92,39,0.2)\"><i class=\"elegant-icon_phone\"><\/i><\/span>\n\t\t\t<\/div> <h3 class=\"heading \" style=\"padding-left:59px;color:#777777;font-size:15px;line-height:20px;\">\n\t\t\t<span>E-mail<\/span>\n\t\t<\/h3><div class=\"desc\" style=\"padding-left:59px;\"><p><span class=\"text-accent-color font-weight-500 underline-dashed\">info@klauslift.com<\/span><\/p>\n<\/div> <\/div><\/div>\n\n\t<\/div>\n\t<div class=\"bauer-spacer clearfix\" data-desktop=\"50\" data-mobi=\"10\" data-smobi=\"10\"><\/div><div class=\"button-wrap icon-right\" style=\"\" ><a href=\"https:\/\/www.whatsapp.com\/?lang=tr\" target=\"_self\" class=\"bauer-button btn-1781764634 medium no_icon accent\" style=\"border-radius:30px;\"  data-text=\"#ffffff\" data-text-hover=\"#ffffff\" data-background-hover=\"#f35c27\">\n\t\t<span style=\"\">WhatsApp : +90 505 378 52 99 <\/span>\n\t<\/a><\/div>[\/vc_column_inner][\/vc_row_inner]\n\t<div class=\"bauer-spacer clearfix\" data-desktop=\"100\" data-mobi=\"50\" data-smobi=\"50\"><\/div>[\/vc_column][\/vc_row][vc_row][vc_column][vc_raw_html css=&#8221;&#8221;]JTNDaWZyYW1lJTIwc3JjJTNEJTIyaHR0cHMlM0ElMkYlMkZ3d3cuZ29vZ2xlLmNvbSUyRm1hcHMlMkZlbWJlZCUzRnBiJTNEJTIxM20yJTIxMXN0ciUyMTJzdHIlMjE0djE3NzMyMjc2Mzc4ODYlMjE1bTIlMjExc3RyJTIxMnN0ciUyMTZtOCUyMTFtNyUyMTFzYlpEVE91R1ZfVGNQdy1HNWM4SVpRdyUyMTJtMiUyMTFkNDAuODk4MzA5MjI3MTkzMDclMjEyZDI5LjIwOTkyNTI4NDQ2MjclMjEzZjk5LjM3ODgxNSUyMTRmMCUyMTVmMC43ODIwODY1OTc0NjI3NDY5JTIyJTIwd2lkdGglM0QlMjIxMjAwJTIyJTIwaGVpZ2h0JTNEJTIyNDUwJTIyJTIwc3R5bGUlM0QlMjJib3JkZXIlM0EwJTNCJTIyJTIwYWxsb3dmdWxsc2NyZWVuJTNEJTIyJTIyJTIwbG9hZGluZyUzRCUyMmxhenklMjIlMjByZWZlcnJlcnBvbGljeSUzRCUyMm5vLXJlZmVycmVyLXdoZW4tZG93bmdyYWRlJTIyJTNFJTNDJTJGaWZyYW1lJTNF[\/vc_raw_html][\/vc_column][\/vc_row]<\/p>\n<\/div>","protected":false},"excerpt":{"rendered":"<p>[vc_row css=&#8221;.vc_custom_1558796213746{background-color: #f7f9fa !important;background-position: center !important;background-repeat: no-repeat !important;background-size: cover !important;}&#8221;][vc_column][vc_row_inner column_inner_spacing=&#8221;65&#8243;][vc_column_inner width=&#8221;1\/2&#8243;][\/vc_column_inner][vc_column_inner width=&#8221;1\/2&#8243;][\/vc_column_inner][\/vc_row_inner][\/vc_column][\/vc_row][vc_row][vc_column][vc_raw_html css=&#8221;&#8221;]JTNDaWZyYW1lJTIwc3JjJTNEJTIyaHR0cHMlM0ElMkYlMkZ3d3cuZ29vZ2xlLmNvbSUyRm1hcHMlMkZlbWJlZCUzRnBiJTNEJTIxM20yJTIxMXN0ciUyMTJzdHIlMjE0djE3NzMyMjc2Mzc4ODYlMjE1bTIlMjExc3RyJTIxMnN0ciUyMTZtOCUyMTFtNyUyMTFzYlpEVE91R1ZfVGNQdy1HNWM4SVpRdyUyMTJtMiUyMTFkNDAuODk4MzA5MjI3MTkzMDclMjEyZDI5LjIwOTkyNTI4NDQ2MjclMjEzZjk5LjM3ODgxNSUyMTRmMCUyMTVmMC43ODIwODY1OTc0NjI3NDY5JTIyJTIwd2lkdGglM0QlMjIxMjAwJTIyJTIwaGVpZ2h0JTNEJTIyNDUwJTIyJTIwc3R5bGUlM0QlMjJib3JkZXIlM0EwJTNCJTIyJTIwYWxsb3dmdWxsc2NyZWVuJTNEJTIyJTIyJTIwbG9hZGluZyUzRCUyMmxhenklMjIlMjByZWZlcnJlcnBvbGljeSUzRCUyMm5vLXJlZmVycmVyLXdoZW4tZG93bmdyYWRlJTIyJTNFJTNDJTJGaWZyYW1lJTNF[\/vc_raw_html][\/vc_column][\/vc_row]<\/p>\n","protected":false},"author":1,"featured_media":0,"parent":0,"menu_order":0,"comment_status":"closed","ping_status":"closed","template":"","meta":{"_monsterinsights_skip_tracking":false,"_monsterinsights_sitenote_active":false,"_monsterinsights_sitenote_note":"","_monsterinsights_sitenote_category":0,"footnotes":""},"class_list":["post-1339","page","type-page","status-publish","hentry"],"aioseo_notices":[],"_links":{"self":[{"href":"https:\/\/klauslift.com\/index.php\/wp-json\/wp\/v2\/pages\/1339","targetHints":{"allow":["GET"]}}],"collection":[{"href":"https:\/\/klauslift.com\/index.php\/wp-json\/wp\/v2\/pages"}],"about":[{"href":"https:\/\/klauslift.com\/index.php\/wp-json\/wp\/v2\/types\/page"}],"author":[{"embeddable":true,"href":"https:\/\/klauslift.com\/index.php\/wp-json\/wp\/v2\/users\/1"}],"replies":[{"embeddable":true,"href":"https:\/\/klauslift.com\/index.php\/wp-json\/wp\/v2\/comments?post=1339"}],"version-history":[{"count":3,"href":"https:\/\/klauslift.com\/index.php\/wp-json\/wp\/v2\/pages\/1339\/revisions"}],"predecessor-version":[{"id":9284,"href":"https:\/\/klauslift.com\/index.php\/wp-json\/wp\/v2\/pages\/1339\/revisions\/9284"}],"wp:attachment":[{"href":"https:\/\/klauslift.com\/index.php\/wp-json\/wp\/v2\/media?parent=1339"}],"curies":[{"name":"wp","href":"https:\/\/api.w.org\/{rel}","templated":true}]}}